{"id":302,"date":"2024-04-02T16:07:39","date_gmt":"2024-04-02T14:07:39","guid":{"rendered":"https:\/\/farolight.fr\/?post_type=product&#038;p=302"},"modified":"2024-12-30T10:34:41","modified_gmt":"2024-12-30T09:34:41","slug":"lumiere-multicolore-sous-plancher","status":"publish","type":"product","link":"https:\/\/www.farolight.fr\/index.php\/produit\/lumiere-multicolore-sous-plancher\/","title":{"rendered":"Kit lumi\u00e8re LED multicolore RGB sous plancher"},"content":{"rendered":"<p>[et_pb_section fb_built=\u00a0\u00bb1&Prime; admin_label=\u00a0\u00bbSection\u00a0\u00bb _builder_version=\u00a0\u00bb4.24.0&Prime; custom_margin_tablet=\u00a0\u00bb\u00a0\u00bb custom_margin_phone=\u00a0\u00bb100px||||false|false\u00a0\u00bb custom_margin_last_edited=\u00a0\u00bbon|phone\u00a0\u00bb custom_padding=\u00a0\u00bb0px||||false|false\u00a0\u00bb global_colors_info=\u00a0\u00bb{}\u00a0\u00bb][et_pb_row _builder_version=\u00a0\u00bb4.24.0&Prime; background_size=\u00a0\u00bbinitial\u00a0\u00bb background_position=\u00a0\u00bbtop_left\u00a0\u00bb background_repeat=\u00a0\u00bbrepeat\u00a0\u00bb width=\u00a0\u00bb100%\u00a0\u00bb min_height=\u00a0\u00bb7.7px\u00a0\u00bb custom_margin=\u00a0\u00bb-121px|auto||auto||\u00a0\u00bb custom_padding=\u00a0\u00bb15px||0px||false|false\u00a0\u00bb global_colors_info=\u00a0\u00bb{}\u00a0\u00bb][et_pb_column type=\u00a0\u00bb4_4&Prime; _builder_version=\u00a0\u00bb4.16&Prime; custom_padding=\u00a0\u00bb|||\u00a0\u00bb global_colors_info=\u00a0\u00bb{}\u00a0\u00bb custom_padding__hover=\u00a0\u00bb|||\u00a0\u00bb][et_pb_wc_breadcrumb product=\u00a0\u00bb302&Prime; _builder_version=\u00a0\u00bb4.24.0&Prime; body_text_color=\u00a0\u00bb#979797&Prime; global_colors_info=\u00a0\u00bb{}\u00a0\u00bb][\/et_pb_wc_breadcrumb][\/et_pb_column][\/et_pb_row][et_pb_row column_structure=\u00a0\u00bb1_2,1_2&Prime; _builder_version=\u00a0\u00bb4.16&Prime; background_size=\u00a0\u00bbinitial\u00a0\u00bb background_position=\u00a0\u00bbtop_left\u00a0\u00bb background_repeat=\u00a0\u00bbrepeat\u00a0\u00bb width=\u00a0\u00bb100%\u00a0\u00bb custom_padding=\u00a0\u00bb0px||||false|false\u00a0\u00bb global_colors_info=\u00a0\u00bb{}\u00a0\u00bb][et_pb_column type=\u00a0\u00bb1_2&Prime; _builder_version=\u00a0\u00bb4.16&Prime; custom_padding=\u00a0\u00bb|||\u00a0\u00bb global_colors_info=\u00a0\u00bb{}\u00a0\u00bb custom_padding__hover=\u00a0\u00bb|||\u00a0\u00bb][et_pb_wc_images _builder_version=\u00a0\u00bb4.16&Prime; global_colors_info=\u00a0\u00bb{}\u00a0\u00bb][\/et_pb_wc_images][\/et_pb_column][et_pb_column type=\u00a0\u00bb1_2&Prime; _builder_version=\u00a0\u00bb4.16&Prime; custom_padding=\u00a0\u00bb|||\u00a0\u00bb global_colors_info=\u00a0\u00bb{}\u00a0\u00bb custom_padding__hover=\u00a0\u00bb|||\u00a0\u00bb][et_pb_wc_title _builder_version=\u00a0\u00bb4.16&Prime; global_colors_info=\u00a0\u00bb{}\u00a0\u00bb][\/et_pb_wc_title][et_pb_wc_rating _builder_version=\u00a0\u00bb4.24.0&Prime; rating_text_color=\u00a0\u00bb#D97109&Prime; body_text_color=\u00a0\u00bb#979797&Prime; global_colors_info=\u00a0\u00bb{}\u00a0\u00bb][\/et_pb_wc_rating][et_pb_wc_price _builder_version=\u00a0\u00bb4.24.0&Prime; body_text_color=\u00a0\u00bb#D97109&Prime; global_colors_info=\u00a0\u00bb{}\u00a0\u00bb][\/et_pb_wc_price][et_pb_wc_description _builder_version=\u00a0\u00bb4.16&Prime; global_colors_info=\u00a0\u00bb{}\u00a0\u00bb][\/et_pb_wc_description][et_pb_wc_add_to_cart _builder_version=\u00a0\u00bb4.24.0&Prime; custom_button=\u00a0\u00bbon\u00a0\u00bb button_text_color=\u00a0\u00bb#D97109&Prime; button_bg_color=\u00a0\u00bb#FFFFFF\u00a0\u00bb global_colors_info=\u00a0\u00bb{}\u00a0\u00bb][\/et_pb_wc_add_to_cart][\/et_pb_column][\/et_pb_row][et_pb_row _builder_version=\u00a0\u00bb4.16&Prime; background_size=\u00a0\u00bbinitial\u00a0\u00bb background_position=\u00a0\u00bbtop_left\u00a0\u00bb background_repeat=\u00a0\u00bbrepeat\u00a0\u00bb width=\u00a0\u00bb100%\u00a0\u00bb global_colors_info=\u00a0\u00bb{}\u00a0\u00bb][et_pb_column type=\u00a0\u00bb4_4&Prime; _builder_version=\u00a0\u00bb4.16&Prime; custom_padding=\u00a0\u00bb|||\u00a0\u00bb global_colors_info=\u00a0\u00bb{}\u00a0\u00bb custom_padding__hover=\u00a0\u00bb|||\u00a0\u00bb][et_pb_wc_tabs _builder_version=\u00a0\u00bb4.16&Prime; global_colors_info=\u00a0\u00bb{}\u00a0\u00bb]\t\t\t\t\t[\/et_pb_wc_tabs][et_pb_wc_upsells _builder_version=\u00a0\u00bb4.16&Prime; global_colors_info=\u00a0\u00bb{}\u00a0\u00bb][\/et_pb_wc_upsells][et_pb_wc_related_products _builder_version=\u00a0\u00bb4.16&Prime; global_colors_info=\u00a0\u00bb{}\u00a0\u00bb][\/et_pb_wc_related_products][\/et_pb_column][\/et_pb_row][\/et_pb_section]<\/p>\n","protected":false},"excerpt":{"rendered":"<p>L&rsquo;accessoire ultime pour transformer votre espace ext\u00e9rieur en atmosph\u00e8re unique avec les bandes LED multicolores <strong><span style=\"color: #ff0000;\">R<\/span><span style=\"color: #00ff00;\">G<\/span><span style=\"color: #00ccff;\">B<\/span> Farolight<\/strong> sous votre plancher. Installable aussi bien sous une caravane qu&rsquo;un camping-car.<\/p>\n<p>Le kit est pr\u00e9assembl\u00e9 et adaptable selon la taille de votre caravane (simple ou double essieux). Il est fourni avec un transformateur 24v, un contr\u00f4leur RGB, sa t\u00e9l\u00e9commande et le mat\u00e9riel de fixation.<\/p>\n<p>Pose fortement conseill\u00e9 chez un <span style=\"color: #000000;\"><a style=\"color: #000000;\" href=\"https:\/\/farolight.fr\/index.php\/nos-distributeurs\/\" target=\"_blank\" rel=\"noopener\">concessionaire partenaire<\/a><\/span>. Farologht ne pourra \u00eatre tenu responsable en cas d&rsquo;une mauvaise pose. Mode d&#8217;emploi t\u00e9l\u00e9chargeable sur notre <span style=\"color: #000000;\"><a style=\"color: #000000;\" href=\"https:\/\/www.farolight.fr\/index.php\/support\/\" target=\"_blank\" rel=\"noopener\">page support<\/a><\/span>.<\/p>\n<p><strong>Prix indiqu\u00e9 conseill\u00e9 pose incluse chez un partenaire.\u00a0<\/strong><\/p>\n","protected":false},"featured_media":761,"comment_status":"closed","ping_status":"closed","template":"","meta":{"_et_pb_use_builder":"on","_et_pb_old_content":"Caract\u00e9ristiques techniques :\r\n<ul>\r\n \t<li>Alimentation 24V<\/li>\r\n \t<li>Modes de couleur : Statique, dynamique, fondu encha\u00een\u00e9...<\/li>\r\n \t<li>Protection IP67 : Totalement \u00e9tanche \u00e0 la poussi\u00e8re et \u00e0 l'eau<\/li>\r\n<\/ul>\r\n[video width=\"1920\" height=\"1080\" mp4=\"https:\/\/www.farolight.fr\/wp-content\/uploads\/2024\/12\/Farolight_kit_neon_plancher.mp4\" loop=\"true\" autoplay=\"true\" preload=\"auto\"][\/video]","_et_gb_content_width":"","om_disable_all_campaigns":false},"product_brand":[],"product_cat":[22],"product_tag":[],"class_list":{"0":"post-302","1":"product","2":"type-product","3":"status-publish","4":"has-post-thumbnail","6":"product_cat-nos-produits","7":"product_shipping_class-kit-lumiere-multicolore-sous-plancher","9":"first","10":"instock","11":"taxable","12":"shipping-taxable","13":"purchasable","14":"product-type-simple"},"_links":{"self":[{"href":"https:\/\/www.farolight.fr\/index.php\/wp-json\/wp\/v2\/product\/302","targetHints":{"allow":["GET"]}}],"collection":[{"href":"https:\/\/www.farolight.fr\/index.php\/wp-json\/wp\/v2\/product"}],"about":[{"href":"https:\/\/www.farolight.fr\/index.php\/wp-json\/wp\/v2\/types\/product"}],"replies":[{"embeddable":true,"href":"https:\/\/www.farolight.fr\/index.php\/wp-json\/wp\/v2\/comments?post=302"}],"wp:featuredmedia":[{"embeddable":true,"href":"https:\/\/www.farolight.fr\/index.php\/wp-json\/wp\/v2\/media\/761"}],"wp:attachment":[{"href":"https:\/\/www.farolight.fr\/index.php\/wp-json\/wp\/v2\/media?parent=302"}],"wp:term":[{"taxonomy":"product_brand","embeddable":true,"href":"https:\/\/www.farolight.fr\/index.php\/wp-json\/wp\/v2\/product_brand?post=302"},{"taxonomy":"product_cat","embeddable":true,"href":"https:\/\/www.farolight.fr\/index.php\/wp-json\/wp\/v2\/product_cat?post=302"},{"taxonomy":"product_tag","embeddable":true,"href":"https:\/\/www.farolight.fr\/index.php\/wp-json\/wp\/v2\/product_tag?post=302"}],"curies":[{"name":"wp","href":"https:\/\/api.w.org\/{rel}","templated":true}]}}